{"id":156,"date":"2020-06-02T10:51:24","date_gmt":"2020-06-02T08:51:24","guid":{"rendered":"https:\/\/testfred.infopourtous.ch\/?page_id=156"},"modified":"2020-06-23T17:59:30","modified_gmt":"2020-06-23T15:59:30","slug":"test-module","status":"publish","type":"page","link":"https:\/\/testfred.infopourtous.ch\/test-module\/","title":{"rendered":"Test Module"},"content":{"rendered":"<p>[et_pb_section fb_built=&#8221;1&#8243; _builder_version=&#8221;4.4.7&#8243;][et_pb_row _builder_version=&#8221;4.4.7&#8243;][et_pb_column type=&#8221;4_4&#8243; _builder_version=&#8221;4.4.7&#8243;][et_pb_text _builder_version=&#8221;4.4.7&#8243; text_font=&#8221;|800||on|||||&#8221; text_text_color=&#8221;#e09900&#8243;]<\/p>\n<p><span style=\"color: #00ff00;\">Accord\u00e9on &#8211; OK &gt;\u00a0 Titre OK, Corps OK<\/span><\/p>\n<p>[\/et_pb_text][et_pb_accordion _builder_version=&#8221;4.4.7&#8243;][et_pb_accordion_item title=&#8221;Votre titre va ici&#8221; open=&#8221;on&#8221; _builder_version=&#8221;4.4.7&#8243; title_en_us=&#8221;titre en&#8221; content_en_us=&#8221;<\/p>\n<p>EN<\/p>\n<p>&#8221; title_de_ch=&#8221;titre de&#8221; content_de_ch=&#8221;<\/p>\n<p>DE<\/p>\n<p>&#8220;]<\/p>\n<p>FR Your content goes here. Edit or remove this text inline or in the module Content settings. You can also style every aspect of this content in the module Design settings and even apply custom CSS to this text in the module Advanced settings.<\/p>\n<p>[\/et_pb_accordion_item][et_pb_accordion_item title=&#8221;Votre titre va ici&#8221; _builder_version=&#8221;4.4.7&#8243; title_en_us=&#8221;Titre us 2&#8243; content_en_us=&#8221;corps 2&#8243; open=&#8221;off&#8221;]<\/p>\n<p>FR Your content goes here. Edit or remove this text inline or in the module Content settings. You can also style every aspect of this content in the module Design settings and even apply custom CSS to this text in the module Advanced settings.<\/p>\n<p>[\/et_pb_accordion_item][\/et_pb_accordion][\/et_pb_column][\/et_pb_row][et_pb_row _builder_version=&#8221;4.4.7&#8243;][et_pb_column type=&#8221;4_4&#8243; _builder_version=&#8221;4.4.7&#8243;][et_pb_text _builder_version=&#8221;4.4.7&#8243; text_font=&#8221;|800||on|||||&#8221; text_text_color=&#8221;#e09900&#8243;]<\/p>\n<p><span style=\"color: #00ff00;\">CTA &#8211; OK &gt;\u00a0 Titre OK, Bouton OK, Lien OK, Corps OK<\/span><\/p>\n<p>[\/et_pb_text][et_pb_cta title=&#8221;Votre titre va ici&#8221; button_text=&#8221;Clics&#8221; _builder_version=&#8221;4.4.7&#8243; title_en_us=&#8221;Titre en&#8221; button_url_en_us=&#8221;https:\/\/en.com&#8221; button_text_en_us=&#8221;bt en&#8221; content_en_us=&#8221;<\/p>\n<p>corps en<\/p>\n<p>&#8220;]<\/p>\n<p>Your content goes here. Edit or remove this text inline or in the module Content settings. You can also style every aspect of this content in the module Design settings and even apply custom CSS to this text in the module Advanced settings.<\/p>\n<p>[\/et_pb_cta][\/et_pb_column][\/et_pb_row][et_pb_row _builder_version=&#8221;4.4.7&#8243;][et_pb_column type=&#8221;4_4&#8243; _builder_version=&#8221;4.4.7&#8243;][et_pb_text _builder_version=&#8221;4.4.7&#8243; text_font=&#8221;|800||on|||||&#8221; text_text_color=&#8221;#e02b20&#8243;]<\/p>\n<p><span style=\"color: #ff9900;\">Audio &#8211; partial &gt;\u00a0 Titre OK, AUdio KO, image OK, Artiste KO, Album KO<\/span><\/p>\n<p>[\/et_pb_text][et_pb_audio title=&#8221;Votre titre va ici&#8221; artist_name=&#8221;Nom de l&#8217;artiste&#8221; album_name=&#8221;album fr&#8221; image_url=&#8221;https:\/\/testfred.infopourtous.ch\/wp-content\/uploads\/2020\/05\/yoga-05.png&#8221; _builder_version=&#8221;4.4.7&#8243; title_en_us=&#8221;Titre en&#8221; image_url_en_us=&#8221;https:\/\/testfred.infopourtous.ch\/wp-content\/uploads\/2020\/05\/Bitmap2.jpg&#8221;][\/et_pb_audio][\/et_pb_column][\/et_pb_row][et_pb_row _builder_version=&#8221;4.4.7&#8243;][et_pb_column type=&#8221;4_4&#8243; _builder_version=&#8221;4.4.7&#8243;][et_pb_text _builder_version=&#8221;4.4.7&#8243; text_font=&#8221;|800||on|||||&#8221; text_text_color=&#8221;#e02b20&#8243;]<\/p>\n<p><span style=\"color: #00ff00;\">bascule &gt; OK<\/span><\/p>\n<p>[\/et_pb_text][et_pb_toggle title=&#8221;Votre titre va ici FR&#8221; _builder_version=&#8221;4.4.7&#8243; title_en_us=&#8221;Titre us&#8221; content_en_us=&#8221;US corps&#8221;]<\/p>\n<p>FR Your content goes here. Edit or remove this text inline or in the module Content settings. You can also style every aspect of this content in the module Design settings and even apply custom CSS to this text in the module Advanced settings.<\/p>\n<p>[\/et_pb_toggle][\/et_pb_column][\/et_pb_row][et_pb_row _builder_version=&#8221;4.4.7&#8243;][et_pb_column type=&#8221;4_4&#8243; _builder_version=&#8221;4.4.7&#8243;][et_pb_text _builder_version=&#8221;4.4.7&#8243; text_font=&#8221;|800||on|||||&#8221; text_text_color=&#8221;#e02b20&#8243;]<\/p>\n<p><span style=\"color: #00ff00;\">blog &gt; OK<\/span><\/p>\n<p>[\/et_pb_text][et_pb_blog include_categories=&#8221;1&#8243; _builder_version=&#8221;4.4.8&#8243; hover_enabled=&#8221;0&#8243;][\/et_pb_blog][\/et_pb_column][\/et_pb_row][et_pb_row _builder_version=&#8221;4.4.7&#8243;][et_pb_column type=&#8221;4_4&#8243; _builder_version=&#8221;4.4.7&#8243;][et_pb_text _builder_version=&#8221;4.4.7&#8243; text_font=&#8221;|800||on|||||&#8221; text_text_color=&#8221;#7cda24&#8243;]<\/p>\n<p>Bouton &gt; OK<\/p>\n<p>[\/et_pb_text][et_pb_button button_text=&#8221;Clics&#8221; _builder_version=&#8221;4.4.7&#8243; button_text_en_us=&#8221;clics en&#8221; button_url_en_us=&#8221;https:\/\/en.ch&#8221;][\/et_pb_button][\/et_pb_column][\/et_pb_row][et_pb_row _builder_version=&#8221;4.4.7&#8243;][et_pb_column type=&#8221;4_4&#8243; _builder_version=&#8221;4.4.7&#8243;][et_pb_text _builder_version=&#8221;4.4.7&#8243; text_font=&#8221;|800||on|||||&#8221; text_text_color=&#8221;#e02b20&#8243;]<\/p>\n<p><span style=\"color: #00ff00;\">Carte &gt; OK<\/span><\/p>\n<p>[\/et_pb_text][et_pb_map address=&#8221;lausanne&#8221; _builder_version=&#8221;4.4.7&#8243;][et_pb_map_pin title=&#8221;Paris, France&#8221; _builder_version=&#8221;4.4.7&#8243; title_en_us=&#8221;Titre en&#8221; content_en_us=&#8221;<\/p>\n<p>Corps en<\/p>\n<p>&#8220;][\/et_pb_map_pin][et_pb_map_pin title=&#8221;Bern, Suisse&#8221; _builder_version=&#8221;4.4.7&#8243;][\/et_pb_map_pin][\/et_pb_map][\/et_pb_column][\/et_pb_row][et_pb_row _builder_version=&#8221;4.4.7&#8243;][et_pb_column type=&#8221;4_4&#8243; _builder_version=&#8221;4.4.7&#8243;][et_pb_text _builder_version=&#8221;4.4.7&#8243; text_font=&#8221;|800||on|||||&#8221; text_text_color=&#8221;#e02b20&#8243;]<\/p>\n<p><span style=\"color: #00ff00;\">Chercher &gt; OK&gt; Text bouton OK<\/span><\/p>\n<p>[\/et_pb_text][et_pb_search placeholder=&#8221;Rechercher&#8221; _builder_version=&#8221;4.4.7&#8243; placeholder_en_us=&#8221;Search&#8230;&#8221;][\/et_pb_search][\/et_pb_column][\/et_pb_row][et_pb_row _builder_version=&#8221;4.4.7&#8243;][et_pb_column type=&#8221;4_4&#8243; _builder_version=&#8221;4.4.7&#8243;][et_pb_text _builder_version=&#8221;4.4.7&#8243; text_font=&#8221;|800||on|||||&#8221; text_text_color=&#8221;#7cda24&#8243;]<\/p>\n<p>Commentaire &gt; OK<\/p>\n<p>[\/et_pb_text][et_pb_comments _builder_version=&#8221;4.4.7&#8243;][\/et_pb_comments][\/et_pb_column][\/et_pb_row][et_pb_row _builder_version=&#8221;4.4.7&#8243;][et_pb_column type=&#8221;4_4&#8243; _builder_version=&#8221;4.4.7&#8243;][et_pb_text _builder_version=&#8221;4.4.7&#8243; text_font=&#8221;|800||on|||||&#8221; text_text_color=&#8221;#e09900&#8243;]<\/p>\n<p><span style=\"color: #00ff00;\">Cpt barre &gt;\u00a0 OK\u00a0<\/span><\/p>\n<p>[\/et_pb_text][et_pb_counters _builder_version=&#8221;4.4.7&#8243;][et_pb_counter percent=&#8221;50&#8243; _builder_version=&#8221;4.4.7&#8243; content_en_us=&#8221;barre 1 en&#8221; background_enable_color_default=&#8221;on&#8221; parallax_default=&#8221;off&#8221; parallax_method_default=&#8221;on&#8221; bar_background_color_default=&#8221;#7EBEC5&#8243; use_percentages=&#8221;on&#8221; allow_player_pause_default=&#8221;off&#8221;]Votre titre va ici[\/et_pb_counter][et_pb_counter percent=&#8221;80&#8243; _builder_version=&#8221;4.4.7&#8243; content_en_us=&#8221;Titre 2 en&#8221; background_enable_color_default=&#8221;on&#8221; parallax_default=&#8221;off&#8221; parallax_method_default=&#8221;on&#8221; bar_background_color_default=&#8221;#7EBEC5&#8243; use_percentages=&#8221;on&#8221; allow_player_pause_default=&#8221;off&#8221;]Votre titre va ici[\/et_pb_counter][\/et_pb_counters][\/et_pb_column][\/et_pb_row][et_pb_row _builder_version=&#8221;4.4.7&#8243;][et_pb_column type=&#8221;4_4&#8243; _builder_version=&#8221;4.4.7&#8243;][et_pb_text _builder_version=&#8221;4.4.7&#8243; text_font=&#8221;|800||on|||||&#8221; text_text_color=&#8221;#7cda24&#8243;]<\/p>\n<p>cpt cercle &gt; OK<\/p>\n<p>[\/et_pb_text][et_pb_circle_counter title=&#8221;Votre titre va ici&#8221; number=&#8221;50&#8243; _builder_version=&#8221;4.4.7&#8243; title_en_us=&#8221;Titre en&#8221;][\/et_pb_circle_counter][\/et_pb_column][\/et_pb_row][et_pb_row _builder_version=&#8221;4.4.7&#8243;][et_pb_column type=&#8221;4_4&#8243; _builder_version=&#8221;4.4.7&#8243;][et_pb_text _builder_version=&#8221;4.4.7&#8243; text_font=&#8221;|800||on|||||&#8221; text_text_color=&#8221;#e02b20&#8243;]<\/p>\n<p>cpt nombre &gt; not compatible for the moment<\/p>\n<p>[\/et_pb_text][et_pb_number_counter title=&#8221;Votre titre va ici&#8221; number=&#8221;50&#8243; _builder_version=&#8221;4.4.7&#8243;][\/et_pb_number_counter][\/et_pb_column][\/et_pb_row][et_pb_row _builder_version=&#8221;4.4.7&#8243;][et_pb_column type=&#8221;4_4&#8243; _builder_version=&#8221;4.4.7&#8243;][et_pb_text _builder_version=&#8221;4.4.7&#8243; text_font=&#8221;|800||on|||||&#8221; text_text_color=&#8221;#e02b20&#8243;]<\/p>\n<p><span style=\"color: #00ff00;\">compteur \u00e0 rebours&gt; OK<\/span><\/p>\n<p>[\/et_pb_text][et_pb_countdown_timer title=&#8221;Votre titre va ici&#8221; date_time=&#8221;2021-07-01 11:31&#8243; _builder_version=&#8221;4.4.7&#8243; title_en_us=&#8221;Your us title&#8221;][\/et_pb_countdown_timer][\/et_pb_column][\/et_pb_row][et_pb_row _builder_version=&#8221;4.4.7&#8243;][et_pb_column type=&#8221;4_4&#8243; _builder_version=&#8221;4.4.7&#8243;][et_pb_text _builder_version=&#8221;4.4.7&#8243; text_font=&#8221;|800||on|||||&#8221; text_text_color=&#8221;#e02b20&#8243;]<\/p>\n<p><span style=\"color: #00ff00;\">Diapo &gt; OK<\/span><\/p>\n<p>[\/et_pb_text][et_pb_slider _builder_version=&#8221;4.4.7&#8243;][et_pb_slide heading=&#8221;Votre titre va ici&#8221; button_text=&#8221;Clics FR&#8221; _builder_version=&#8221;4.4.7&#8243; heading_en_us=&#8221;Titre us iic&#8221; button_text_en_us=&#8221;Button us&#8221; button_link_en_us=&#8221;#us&#8221; content_en_us=&#8221;Us text in falang&#8221;]<\/p>\n<p>FR Your content goes here. Edit or remove this text inline or in the module Content settings. You can also style every aspect of this content in the module Design settings and even apply custom CSS to this text in the module Advanced settings.<\/p>\n<p>[\/et_pb_slide][et_pb_slide heading=&#8221;Votre titre va ici&#8221; button_text=&#8221;Clics&#8221; _builder_version=&#8221;4.4.7&#8243;]<\/p>\n<p>Your content goes here. Edit or remove this text inline or in the module Content settings. You can also style every aspect of this content in the module Design settings and even apply custom CSS to this text in the module Advanced settings.<\/p>\n<p>[\/et_pb_slide][\/et_pb_slider][\/et_pb_column][\/et_pb_row][et_pb_row _builder_version=&#8221;4.4.7&#8243;][et_pb_column type=&#8221;4_4&#8243; _builder_version=&#8221;4.4.7&#8243;][et_pb_text _builder_version=&#8221;4.4.7&#8243; text_font=&#8221;|800||on|||||&#8221; text_text_color=&#8221;#e02b20&#8243;]<\/p>\n<p>e-mail optin &gt; Les champs ne s&#8217;affichent pas sur le front<\/p>\n<p>[\/et_pb_text][et_pb_signup title=&#8221;Votre titre va ici&#8221; button_text=&#8221;S&#8217;abonner&#8221; description=&#8221;<\/p>\n<p>FR Your content goes here. Edit or remove this text inline or in the module Content settings. You can also style every aspect of this content in the module Design settings and even apply custom CSS to this text in the module Advanced settings.<\/p>\n<p>&#8221; _builder_version=&#8221;4.4.7&#8243; title_en_us=&#8221;Votre titre us&#8221; button_text_en_us=&#8221;THe us button&#8221; description_en_us=&#8221;<\/p>\n<p>coprs us<\/p>\n<p>&#8221; footer_content_en_us=&#8221;<\/p>\n<p>bas de page us<\/p>\n<p>&#8220;][\/et_pb_signup][\/et_pb_column][\/et_pb_row][et_pb_row _builder_version=&#8221;4.4.7&#8243;][et_pb_column type=&#8221;4_4&#8243; _builder_version=&#8221;4.4.7&#8243;][et_pb_text _builder_version=&#8221;4.4.7&#8243; text_font=&#8221;|800||on|||||&#8221; text_text_color=&#8221;#e02b20&#8243;]<\/p>\n<p><span style=\"color: #00ff00;\">contact &gt; OK<\/span><\/p>\n<p>[\/et_pb_text][et_pb_contact_form _builder_version=&#8221;4.4.7&#8243; submit_button_text_en_us=&#8221;send&#8221;][et_pb_contact_field field_id=&#8221;Name&#8221; field_title=&#8221;Nom&#8221; _builder_version=&#8221;4.4.7&#8243; field_title_en_us=&#8221;Name en&#8221; button_text_size__hover_enabled=&#8221;off&#8221; button_one_text_size__hover_enabled=&#8221;off&#8221; button_two_text_size__hover_enabled=&#8221;off&#8221; button_text_color__hover_enabled=&#8221;off&#8221; button_one_text_color__hover_enabled=&#8221;off&#8221; button_two_text_color__hover_enabled=&#8221;off&#8221; button_border_width__hover_enabled=&#8221;off&#8221; button_one_border_width__hover_enabled=&#8221;off&#8221; button_two_border_width__hover_enabled=&#8221;off&#8221; button_border_color__hover_enabled=&#8221;off&#8221; button_one_border_color__hover_enabled=&#8221;off&#8221; button_two_border_color__hover_enabled=&#8221;off&#8221; button_border_radius__hover_enabled=&#8221;off&#8221; button_one_border_radius__hover_enabled=&#8221;off&#8221; button_two_border_radius__hover_enabled=&#8221;off&#8221; button_letter_spacing__hover_enabled=&#8221;off&#8221; button_one_letter_spacing__hover_enabled=&#8221;off&#8221; button_two_letter_spacing__hover_enabled=&#8221;off&#8221; button_bg_color__hover_enabled=&#8221;off&#8221; button_one_bg_color__hover_enabled=&#8221;off&#8221; button_two_bg_color__hover_enabled=&#8221;off&#8221;][\/et_pb_contact_field][et_pb_contact_field field_id=&#8221;Email&#8221; field_title=&#8221;Adresse e-mail&#8221; field_type=&#8221;email&#8221; _builder_version=&#8221;4.4.7&#8243; field_title_en_us=&#8221;email us&#8221; button_text_size__hover_enabled=&#8221;off&#8221; button_one_text_size__hover_enabled=&#8221;off&#8221; button_two_text_size__hover_enabled=&#8221;off&#8221; button_text_color__hover_enabled=&#8221;off&#8221; button_one_text_color__hover_enabled=&#8221;off&#8221; button_two_text_color__hover_enabled=&#8221;off&#8221; button_border_width__hover_enabled=&#8221;off&#8221; button_one_border_width__hover_enabled=&#8221;off&#8221; button_two_border_width__hover_enabled=&#8221;off&#8221; button_border_color__hover_enabled=&#8221;off&#8221; button_one_border_color__hover_enabled=&#8221;off&#8221; button_two_border_color__hover_enabled=&#8221;off&#8221; button_border_radius__hover_enabled=&#8221;off&#8221; button_one_border_radius__hover_enabled=&#8221;off&#8221; button_two_border_radius__hover_enabled=&#8221;off&#8221; button_letter_spacing__hover_enabled=&#8221;off&#8221; button_one_letter_spacing__hover_enabled=&#8221;off&#8221; button_two_letter_spacing__hover_enabled=&#8221;off&#8221; button_bg_color__hover_enabled=&#8221;off&#8221; button_one_bg_color__hover_enabled=&#8221;off&#8221; button_two_bg_color__hover_enabled=&#8221;off&#8221;][\/et_pb_contact_field][et_pb_contact_field field_id=&#8221;Message&#8221; field_title=&#8221;Message&#8221; field_type=&#8221;text&#8221; fullwidth_field=&#8221;on&#8221; _builder_version=&#8221;4.4.7&#8243; field_title_en_us=&#8221;message en&#8221; button_text_size__hover_enabled=&#8221;off&#8221; button_one_text_size__hover_enabled=&#8221;off&#8221; button_two_text_size__hover_enabled=&#8221;off&#8221; button_text_color__hover_enabled=&#8221;off&#8221; button_one_text_color__hover_enabled=&#8221;off&#8221; button_two_text_color__hover_enabled=&#8221;off&#8221; button_border_width__hover_enabled=&#8221;off&#8221; button_one_border_width__hover_enabled=&#8221;off&#8221; button_two_border_width__hover_enabled=&#8221;off&#8221; button_border_color__hover_enabled=&#8221;off&#8221; button_one_border_color__hover_enabled=&#8221;off&#8221; button_two_border_color__hover_enabled=&#8221;off&#8221; button_border_radius__hover_enabled=&#8221;off&#8221; button_one_border_radius__hover_enabled=&#8221;off&#8221; button_two_border_radius__hover_enabled=&#8221;off&#8221; button_letter_spacing__hover_enabled=&#8221;off&#8221; button_one_letter_spacing__hover_enabled=&#8221;off&#8221; button_two_letter_spacing__hover_enabled=&#8221;off&#8221; button_bg_color__hover_enabled=&#8221;off&#8221; button_one_bg_color__hover_enabled=&#8221;off&#8221; button_two_bg_color__hover_enabled=&#8221;off&#8221;][\/et_pb_contact_field][\/et_pb_contact_form][\/et_pb_column][\/et_pb_row][et_pb_row _builder_version=&#8221;4.4.7&#8243;][et_pb_column type=&#8221;4_4&#8243; _builder_version=&#8221;4.4.7&#8243;][et_pb_text _builder_version=&#8221;4.4.7&#8243; text_font=&#8221;|800||on|||||&#8221; text_text_color=&#8221;#e02b20&#8243;]<\/p>\n<p>Galerie &gt; not compatible for the moment,\u00a0<\/p>\n<p>[\/et_pb_text][et_pb_gallery _builder_version=&#8221;4.4.7&#8243;][\/et_pb_gallery][\/et_pb_column][\/et_pb_row][et_pb_row _builder_version=&#8221;4.4.7&#8243;][et_pb_column type=&#8221;4_4&#8243; _builder_version=&#8221;4.4.7&#8243;][et_pb_text _builder_version=&#8221;4.4.7&#8243; text_font=&#8221;|800||on|||||&#8221; text_text_color=&#8221;#e02b20&#8243;]<\/p>\n<p><span style=\"color: #00ff00;\">Personne &gt; OK<\/span><\/p>\n<p>[\/et_pb_text][et_pb_team_member name=&#8221;Le nom va ici&#8221; position=&#8221;Poste&#8221; image_url=&#8221;data:image\/svg+xml;base64,PHN2ZyB3aWR0aD0iNTAwIiBoZWlnaHQ9IjUwMCIgdmlld0JveD0iMCAwIDUwMCA1MDAiIHhtbG5zPSJodHRwOi8vd3d3LnczLm9yZy8yMDAwL3N2ZyI+CiAgICA8ZyBmaWxsPSJub25lIiBmaWxsLXJ1bGU9ImV2ZW5vZGQiPgogICAgICAgIDxwYXRoIGZpbGw9IiNFQkVCRUIiIGQ9Ik0wIDBoNTAwdjUwMEgweiIvPgogICAgICAgIDxyZWN0IGZpbGwtb3BhY2l0eT0iLjEiIGZpbGw9IiMwMDAiIHg9IjY4IiB5PSIzMDUiIHdpZHRoPSIzNjQiIGhlaWdodD0iNTY4IiByeD0iMTgyIi8+CiAgICAgICAgPGNpcmNsZSBmaWxsLW9wYWNpdHk9Ii4xIiBmaWxsPSIjMDAwIiBjeD0iMjQ5IiBjeT0iMTcyIiByPSIxMDAiLz4KICAgIDwvZz4KPC9zdmc+Cg==&#8221; _builder_version=&#8221;4.4.7&#8243; name_en_us=&#8221;Us name&#8221; position_en_us=&#8221;Us poste&#8221; content_en_us=&#8221;Us content &#8220;]<\/p>\n<p>FR Your content goes here. Edit or remove this text inline or in the module Content settings. You can also style every aspect of this content in the module Design settings and even apply custom CSS to this text in the module Advanced settings.<\/p>\n<p>[\/et_pb_team_member][\/et_pb_column][\/et_pb_row][et_pb_row _builder_version=&#8221;4.4.7&#8243;][et_pb_column type=&#8221;4_4&#8243; _builder_version=&#8221;4.4.7&#8243;][et_pb_text _builder_version=&#8221;4.4.7&#8243; text_font=&#8221;|800||on|||||&#8221; text_text_color=&#8221;#e09900&#8243;]<\/p>\n<p><span style=\"color: #00ff00;\">R\u00e9sum\u00e9 &gt; OK<\/span><\/p>\n<p>[\/et_pb_text][et_pb_blurb title=&#8221;titre fr&#8221; image=&#8221;data:image\/svg+xml;base64,PHN2ZyB3aWR0aD0iMTA4MCIgaGVpZ2h0PSI1NDAiIHZpZXdCb3g9IjAgMCAxMDgwIDU0MCIgeG1sbnM9Imh0dHA6Ly93d3cudzMub3JnLzIwMDAvc3ZnIj4KICAgIDxnIGZpbGw9Im5vbmUiIGZpbGwtcnVsZT0iZXZlbm9kZCI+CiAgICAgICAgPHBhdGggZmlsbD0iI0VCRUJFQiIgZD0iTTAgMGgxMDgwdjU0MEgweiIvPgogICAgICAgIDxwYXRoIGQ9Ik00NDUuNjQ5IDU0MGgtOTguOTk1TDE0NC42NDkgMzM3Ljk5NSAwIDQ4Mi42NDR2LTk4Ljk5NWwxMTYuMzY1LTExNi4zNjVjMTUuNjItMTUuNjIgNDAuOTQ3LTE1LjYyIDU2LjU2OCAwTDQ0NS42NSA1NDB6IiBmaWxsLW9wYWNpdHk9Ii4xIiBmaWxsPSIjMDAwIiBmaWxsLXJ1bGU9Im5vbnplcm8iLz4KICAgICAgICA8Y2lyY2xlIGZpbGwtb3BhY2l0eT0iLjA1IiBmaWxsPSIjMDAwIiBjeD0iMzMxIiBjeT0iMTQ4IiByPSI3MCIvPgogICAgICAgIDxwYXRoIGQ9Ik0xMDgwIDM3OXYxMTMuMTM3TDcyOC4xNjIgMTQwLjMgMzI4LjQ2MiA1NDBIMjE1LjMyNEw2OTkuODc4IDU1LjQ0NmMxNS42Mi0xNS42MiA0MC45NDgtMTUuNjIgNTYuNTY4IDBMMTA4MCAzNzl6IiBmaWxsLW9wYWNpdHk9Ii4yIiBmaWxsPSIjMDAwIiBmaWxsLXJ1bGU9Im5vbnplcm8iLz4KICAgIDwvZz4KPC9zdmc+Cg==&#8221; _builder_version=&#8221;4.4.7&#8243; title_en_us=&#8221;titre en&#8221; url_en_us=&#8221;https:\/\/en.ch&#8221; content_en_us=&#8221;<\/p>\n<p>Corps en<\/p>\n<p>&#8220;]<\/p>\n<p>corps fr<\/p>\n<p>[\/et_pb_blurb][\/et_pb_column][\/et_pb_row][et_pb_row _builder_version=&#8221;4.4.7&#8243;][et_pb_column type=&#8221;4_4&#8243; _builder_version=&#8221;4.4.7&#8243;][et_pb_text _builder_version=&#8221;4.4.7&#8243; text_font=&#8221;|800||on|||||&#8221; text_text_color=&#8221;#e02b20&#8243;]<\/p>\n<p><span style=\"color: #00ffff;\">Login &gt; chrome back OK mais chrome Front KO, Firefox back et front OK (probl\u00e8me en lien avec Adblock)<\/span><\/p>\n<p>[\/et_pb_text][et_pb_login title=&#8221;Votre titre va ici&#8221; _builder_version=&#8221;4.4.7&#8243; title_en_us=&#8221;The us titre&#8221; content_en_us=&#8221;The us content&#8221;]<\/p>\n<p>FR Your content goes here. Edit or remove this text inline or in the module Content settings. You can also style every aspect of this content in the module Design settings and even apply custom CSS to this text in the module Advanced settings.<\/p>\n<p>[\/et_pb_login][\/et_pb_column][\/et_pb_row][et_pb_row _builder_version=&#8221;4.4.7&#8243;][et_pb_column type=&#8221;4_4&#8243; _builder_version=&#8221;4.4.7&#8243;][et_pb_text _builder_version=&#8221;4.4.7&#8243; text_font=&#8221;|800||on|||||&#8221; text_text_color=&#8221;#e02b20&#8243;]<\/p>\n<p><span style=\"color: #00ff00;\">Tarifs &gt; ok<\/span><\/p>\n<p>[\/et_pb_text][et_pb_pricing_tables _builder_version=&#8221;4.4.7&#8243;][et_pb_pricing_table title=&#8221;Titre du menu&#8221; subtitle=&#8221;Subtitle goes Here&#8221; currency=&#8221;$&#8221; sum=&#8221;50&#8243; _builder_version=&#8221;4.4.7&#8243; title_en_us=&#8221;Titre us &#8221; subtitle_en_us=&#8221;Sous titre us&#8221; button_text_en_us=&#8221;bouton us&#8221; content_en_us=&#8221;le coprs us&#8221;]+ Cette fonctionnalit\u00e9 est incluse + Cette fonctionnalit\u00e9 est incluse + Cette fonctionnalit\u00e9 est incluse + Cette fonctionnalit\u00e9 est incluse &#8211; Cette fonctionnalit\u00e9 n&#8217;est pas incluse &#8211; Cette fonctionnalit\u00e9 n&#8217;est pas incluse[\/et_pb_pricing_table][et_pb_pricing_table title=&#8221;Titre du menu&#8221; subtitle=&#8221;Subtitle goes Here&#8221; currency=&#8221;$&#8221; sum=&#8221;50&#8243; _builder_version=&#8221;4.4.7&#8243;]+ Cette fonctionnalit\u00e9 est incluse + Cette fonctionnalit\u00e9 est incluse + Cette fonctionnalit\u00e9 est incluse + Cette fonctionnalit\u00e9 est incluse &#8211; Cette fonctionnalit\u00e9 n&#8217;est pas incluse &#8211; Cette fonctionnalit\u00e9 n&#8217;est pas incluse[\/et_pb_pricing_table][\/et_pb_pricing_tables][\/et_pb_column][\/et_pb_row][et_pb_row _builder_version=&#8221;4.4.7&#8243;][et_pb_column type=&#8221;4_4&#8243; _builder_version=&#8221;4.4.7&#8243;][et_pb_text _builder_version=&#8221;4.4.7&#8243; text_font=&#8221;|800||on|||||&#8221; text_text_color=&#8221;#7cda24&#8243;]<\/p>\n<p>Texte &gt; OK<\/p>\n<p>[\/et_pb_text][et_pb_text _builder_version=&#8221;4.4.7&#8243; content_en_us=&#8221;<\/p>\n<p>EN<\/p>\n<p>&#8220;]<\/p>\n<p>FR<\/p>\n<p>[\/et_pb_text][\/et_pb_column][\/et_pb_row][et_pb_row _builder_version=&#8221;4.4.7&#8243;][et_pb_column type=&#8221;4_4&#8243; _builder_version=&#8221;4.4.7&#8243;][et_pb_text _builder_version=&#8221;4.4.7&#8243; text_font=&#8221;|800||on|||||&#8221; text_text_color=&#8221;#e02b20&#8243;]<\/p>\n<p><span style=\"color: #00ff00;\">T\u00e9moignage &gt; OK<\/span><\/p>\n<p>[\/et_pb_text][et_pb_testimonial author=&#8221;Le nom va ici&#8221; portrait_url=&#8221;data:image\/svg+xml;base64,PHN2ZyB3aWR0aD0iNTAwIiBoZWlnaHQ9IjUwMCIgdmlld0JveD0iMCAwIDUwMCA1MDAiIHhtbG5zPSJodHRwOi8vd3d3LnczLm9yZy8yMDAwL3N2ZyI+CiAgICA8ZyBmaWxsPSJub25lIiBmaWxsLXJ1bGU9ImV2ZW5vZGQiPgogICAgICAgIDxwYXRoIGZpbGw9IiNFQkVCRUIiIGQ9Ik0wIDBoNTAwdjUwMEgweiIvPgogICAgICAgIDxyZWN0IGZpbGwtb3BhY2l0eT0iLjEiIGZpbGw9IiMwMDAiIHg9IjY4IiB5PSIzMDUiIHdpZHRoPSIzNjQiIGhlaWdodD0iNTY4IiByeD0iMTgyIi8+CiAgICAgICAgPGNpcmNsZSBmaWxsLW9wYWNpdHk9Ii4xIiBmaWxsPSIjMDAwIiBjeD0iMjQ5IiBjeT0iMTcyIiByPSIxMDAiLz4KICAgIDwvZz4KPC9zdmc+Cg==&#8221; _builder_version=&#8221;4.4.7&#8243; job_title_en_us=&#8221;the us titre emploie&#8221; url_en_us=&#8221;www.us.link&#8221; content_en_us=&#8221;Ici le contenue us&#8221;]<\/p>\n<p>Your content goes here. Edit or remove this text inline or in the module Content settings. You can also style every aspect of this content in the module Design settings and even apply custom CSS to this text in the module Advanced settings.<\/p>\n<p>[\/et_pb_testimonial][\/et_pb_column][\/et_pb_row][et_pb_row _builder_version=&#8221;4.4.7&#8243;][et_pb_column type=&#8221;4_4&#8243; _builder_version=&#8221;4.4.7&#8243;][et_pb_text _builder_version=&#8221;4.4.7&#8243; text_font=&#8221;|800||on|||||&#8221; text_text_color=&#8221;#e02b20&#8243;]<\/p>\n<p><span style=\"color: #ff9900;\">Vid\u00e9o &gt; Partial &gt; manque la possibilit\u00e9 d&#8217;ajouter un lien<\/span><\/p>\n<p>[\/et_pb_text][et_pb_video src=&#8221;https:\/\/www.youtube.com\/watch?v=FkQuawiGWUw&#8221; thumbnail_overlay_color=&#8221;rgba(0,0,0,0.6)&#8221; _builder_version=&#8221;4.4.7&#8243;][\/et_pb_video][\/et_pb_column][\/et_pb_row][\/et_pb_section]<\/p>\n","protected":false},"excerpt":{"rendered":"<p>Accord\u00e9on &#8211; OK &gt;\u00a0 Titre OK, Corps OKFR Your content goes here. Edit or remove this text inline or in the module Content settings. You can also style every aspect of this content in the module Design settings and even apply custom CSS to this text in the module Advanced settings.FR Your content goes here. [&hellip;]<\/p>\n","protected":false},"author":1,"featured_media":0,"parent":0,"menu_order":0,"comment_status":"closed","ping_status":"closed","template":"","meta":{"_et_pb_use_builder":"on","_et_pb_old_content":"","_et_gb_content_width":""},"_links":{"self":[{"href":"https:\/\/testfred.infopourtous.ch\/wp-json\/wp\/v2\/pages\/156"}],"collection":[{"href":"https:\/\/testfred.infopourtous.ch\/wp-json\/wp\/v2\/pages"}],"about":[{"href":"https:\/\/testfred.infopourtous.ch\/wp-json\/wp\/v2\/types\/page"}],"author":[{"embeddable":true,"href":"https:\/\/testfred.infopourtous.ch\/wp-json\/wp\/v2\/users\/1"}],"replies":[{"embeddable":true,"href":"https:\/\/testfred.infopourtous.ch\/wp-json\/wp\/v2\/comments?post=156"}],"version-history":[{"count":48,"href":"https:\/\/testfred.infopourtous.ch\/wp-json\/wp\/v2\/pages\/156\/revisions"}],"predecessor-version":[{"id":258,"href":"https:\/\/testfred.infopourtous.ch\/wp-json\/wp\/v2\/pages\/156\/revisions\/258"}],"wp:attachment":[{"href":"https:\/\/testfred.infopourtous.ch\/wp-json\/wp\/v2\/media?parent=156"}],"curies":[{"name":"wp","href":"https:\/\/api.w.org\/{rel}","templated":true}]}}